{"id":18702,"date":"2021-11-19T21:12:03","date_gmt":"2021-11-20T02:12:03","guid":{"rendered":"https:\/\/csrsommets.ca\/product\/philips-respironics-filtres-reutilisables-pour-dreamstation-pqt-2\/"},"modified":"2025-06-13T17:08:41","modified_gmt":"2025-06-13T21:08:41","slug":"philips-respironics-filtres-reutilisables-pour-dreamstation-pqt-2","status":"publish","type":"product","link":"https:\/\/staging.csrsommets.ca\/en\/product\/philips-respironics-filtres-reutilisables-pour-dreamstation-pqt-2\/","title":{"rendered":"Philips Respironics \u2013 Reusable Filters for DreamStation (Pack of 2)"},"content":{"rendered":"<p data-start=\"153\" data-end=\"414\">Keep your CPAP therapy clean and efficient with these <strong data-start=\"207\" data-end=\"240\">high-quality washable filters<\/strong> designed for <strong data-start=\"254\" data-end=\"290\">Philips Respironics DreamStation<\/strong> devices. These reusable fine-mesh filters help block dust, pet hair, and airborne particles before they reach your machine.<\/p>\n<p data-start=\"416\" data-end=\"691\"><strong data-start=\"416\" data-end=\"433\">Key Features:<\/strong><br data-start=\"433\" data-end=\"436\" \/>\u2705 <strong data-start=\"438\" data-end=\"481\">Compatible with all DreamStation models<\/strong> (excluding DreamStation 2)<br data-start=\"508\" data-end=\"511\" \/>\u2705 <strong data-start=\"513\" data-end=\"533\">Fine-mesh filter<\/strong> \u2013 washable and reusable<br data-start=\"557\" data-end=\"560\" \/>\u2705 <strong data-start=\"562\" data-end=\"578\">Long-lasting<\/strong> \u2013 clean every 2 weeks, replace every 6 months<br data-start=\"624\" data-end=\"627\" \/>\u2705 <strong data-start=\"629\" data-end=\"654\">Cost-effective 2-pack<\/strong><br data-start=\"654\" data-end=\"657\" data-is-only-node=\"\" \/>\u2705 <strong data-start=\"659\" data-end=\"691\">Easy to install and maintain<\/strong><\/p>\n<p data-start=\"693\" data-end=\"708\"><strong data-start=\"693\" data-end=\"706\">Benefits:<\/strong><\/p>\n<ul data-start=\"709\" data-end=\"856\">\n<li data-start=\"709\" data-end=\"754\">\n<p data-start=\"711\" data-end=\"754\">Improves air quality during sleep therapy<\/p>\n<\/li>\n<li data-start=\"755\" data-end=\"801\">\n<p data-start=\"757\" data-end=\"801\">Protects your device from internal buildup<\/p>\n<\/li>\n<li data-start=\"802\" data-end=\"856\">\n<p data-start=\"804\" data-end=\"856\">Saves money over time compared to disposable filters<\/p>\n<\/li>\n<\/ul>\n<p data-start=\"858\" data-end=\"882\"><strong data-start=\"858\" data-end=\"880\">Care Instructions:<\/strong><\/p>\n<ul data-start=\"883\" data-end=\"969\">\n<li data-start=\"883\" data-end=\"925\">\n<p data-start=\"885\" data-end=\"925\">Rinse gently with warm water (no soap)<\/p>\n<\/li>\n<li data-start=\"926\" data-end=\"969\">\n<p data-start=\"928\" data-end=\"969\">Allow to fully air dry before reinserting<\/p>\n<\/li>\n<\/ul>\n","protected":false},"excerpt":{"rendered":"<p data-start=\"165\" data-end=\"496\">Prot\u00e9gez votre appareil CPAP DreamStation tout en respirant un air plus propre gr\u00e2ce \u00e0 ces <strong data-start=\"256\" data-end=\"298\">filtres r\u00e9utilisables de haute qualit\u00e9<\/strong>. Con\u00e7us sp\u00e9cialement pour les dispositifs <strong data-start=\"341\" data-end=\"377\">Philips Respironics DreamStation<\/strong>, ces filtres agissent comme une premi\u00e8re barri\u00e8re contre la poussi\u00e8re, les poils d\u2019animaux et autres particules fines.<\/p>\n<p data-start=\"498\" data-end=\"861\"><strong data-start=\"498\" data-end=\"532\">Caract\u00e9ristiques principales :<\/strong><br data-start=\"532\" data-end=\"535\" \/>\u2705 <strong data-start=\"537\" data-end=\"608\">Compatible avec tous les mod\u00e8les DreamStation (sauf DreamStation 2)<\/strong><br data-start=\"608\" data-end=\"611\" \/>\u2705 <strong data-start=\"613\" data-end=\"662\">Filtre en maille fine lavable et r\u00e9utilisable<\/strong><br data-start=\"662\" data-end=\"665\" \/>\u2705 <strong data-start=\"667\" data-end=\"693\">Dur\u00e9e de vie prolong\u00e9e<\/strong> : peut \u00eatre lav\u00e9 \u00e0 la main toutes les 2 semaines et remplac\u00e9 tous les 6 mois<br data-start=\"770\" data-end=\"773\" \/>\u2705 <strong data-start=\"775\" data-end=\"796\">Format \u00e9conomique<\/strong> : paquet de 2 filtres<br data-start=\"818\" data-end=\"821\" \/>\u2705 <strong data-start=\"823\" data-end=\"861\">Facile \u00e0 installer et \u00e0 entretenir<\/strong><\/p>\n<p data-start=\"863\" data-end=\"880\"><strong data-start=\"863\" data-end=\"878\">Avantages :<\/strong><\/p>\n<ul data-start=\"881\" data-end=\"1027\">\n<li data-start=\"881\" data-end=\"921\">\n<p data-start=\"883\" data-end=\"921\">Am\u00e9liore la qualit\u00e9 de l\u2019air respir\u00e9<\/p>\n<\/li>\n<li data-start=\"922\" data-end=\"966\">\n<p data-start=\"924\" data-end=\"966\">Prot\u00e8ge l\u2019appareil contre l\u2019encrassement<\/p>\n<\/li>\n<li data-start=\"967\" data-end=\"1027\">\n<p data-start=\"969\" data-end=\"1027\">R\u00e9duit les co\u00fbts \u00e0 long terme compar\u00e9 aux filtres jetables<\/p>\n<\/li>\n<\/ul>\n<p data-start=\"1029\" data-end=\"1057\"><strong data-start=\"1029\" data-end=\"1055\">Entretien recommand\u00e9 :<\/strong><\/p>\n<ul data-start=\"1058\" data-end=\"1161\">\n<li data-start=\"1058\" data-end=\"1093\">\n<p data-start=\"1060\" data-end=\"1093\">Rincer \u00e0 l\u2019eau ti\u00e8de sans savon<\/p>\n<\/li>\n<li data-start=\"1094\" data-end=\"1161\">\n<p data-start=\"1096\" data-end=\"1161\">Laisser s\u00e9cher compl\u00e8tement avant de le r\u00e9ins\u00e9rer dans l\u2019appareil<\/p>\n<\/li>\n<\/ul>\n","protected":false},"featured_media":13252,"comment_status":"open","ping_status":"closed","template":"","meta":[],"product_brand":[],"product_cat":[293,302,304],"product_tag":[],"class_list":{"0":"post-18702","1":"product","2":"type-product","3":"status-publish","4":"has-post-thumbnail","6":"product_cat-accessories","7":"product_cat-accessories-for-cpap-devices","8":"product_cat-filters","9":"product_shipping_class-livraison-gratuite-en","11":"first","12":"instock","13":"purchasable","14":"product-type-simple"},"_links":{"self":[{"href":"https:\/\/staging.csrsommets.ca\/en\/wp-json\/wp\/v2\/product\/18702","targetHints":{"allow":["GET"]}}],"collection":[{"href":"https:\/\/staging.csrsommets.ca\/en\/wp-json\/wp\/v2\/product"}],"about":[{"href":"https:\/\/staging.csrsommets.ca\/en\/wp-json\/wp\/v2\/types\/product"}],"replies":[{"embeddable":true,"href":"https:\/\/staging.csrsommets.ca\/en\/wp-json\/wp\/v2\/comments?post=18702"}],"wp:featuredmedia":[{"embeddable":true,"href":"https:\/\/staging.csrsommets.ca\/en\/wp-json\/wp\/v2\/media\/13252"}],"wp:attachment":[{"href":"https:\/\/staging.csrsommets.ca\/en\/wp-json\/wp\/v2\/media?parent=18702"}],"wp:term":[{"taxonomy":"product_brand","embeddable":true,"href":"https:\/\/staging.csrsommets.ca\/en\/wp-json\/wp\/v2\/product_brand?post=18702"},{"taxonomy":"product_cat","embeddable":true,"href":"https:\/\/staging.csrsommets.ca\/en\/wp-json\/wp\/v2\/product_cat?post=18702"},{"taxonomy":"product_tag","embeddable":true,"href":"https:\/\/staging.csrsommets.ca\/en\/wp-json\/wp\/v2\/product_tag?post=18702"}],"curies":[{"name":"wp","href":"https:\/\/api.w.org\/{rel}","templated":true}]}}